{"id":11,"date":"2024-08-18T13:44:16","date_gmt":"2024-08-18T11:44:16","guid":{"rendered":"http:\/\/gyeylobpgp.cyon.link\/?page_id=11"},"modified":"2024-11-24T20:33:26","modified_gmt":"2024-11-24T19:33:26","slug":"home","status":"publish","type":"page","link":"https:\/\/naileria.ch\/","title":{"rendered":"Home"},"content":{"rendered":"\n<div class=\"wp-block-cover has-custom-content-position is-position-top-left has-x-large-font-size\" style=\"min-height:100vh;aspect-ratio:unset;\"><span aria-hidden=\"true\" class=\"wp-block-cover__background has-background-dim-0 has-background-dim\" style=\"background-color:#977460\"><\/span><img loading=\"lazy\" decoding=\"async\" width=\"2560\" height=\"1521\" class=\"wp-block-cover__image-background wp-image-25\" alt=\"\" src=\"http:\/\/gyeylobpgp.cyon.link\/wp-content\/uploads\/2024\/08\/bild_6-scaled.jpg\" style=\"object-position:50% 50%\" data-object-fit=\"cover\" data-object-position=\"50% 50%\" srcset=\"https:\/\/naileria.ch\/wp-content\/uploads\/2024\/08\/bild_6-scaled.jpg 2560w, https:\/\/naileria.ch\/wp-content\/uploads\/2024\/08\/bild_6-300x178.jpg 300w, https:\/\/naileria.ch\/wp-content\/uploads\/2024\/08\/bild_6-1024x608.jpg 1024w, https:\/\/naileria.ch\/wp-content\/uploads\/2024\/08\/bild_6-768x456.jpg 768w, https:\/\/naileria.ch\/wp-content\/uploads\/2024\/08\/bild_6-1536x912.jpg 1536w, https:\/\/naileria.ch\/wp-content\/uploads\/2024\/08\/bild_6-2048x1217.jpg 2048w\" sizes=\"auto, (max-width: 2560px) 100vw, 2560px\" \/><div class=\"wp-block-cover__inner-container is-layout-constrained wp-block-cover-is-layout-constrained\">\n<p class=\"has-text-align-center has-large-font-size\"><\/p>\n<\/div><\/div>\n\n\n\n<div style=\"height:150px\" aria-hidden=\"true\" class=\"wp-block-spacer\"><\/div>\n\n\n\n<h2 class=\"wp-block-heading has-text-align-center has-x-large-font-size\">\u00dcber mich<\/h2>\n\n\n\n<div style=\"height:50px\" aria-hidden=\"true\" class=\"wp-block-spacer\"><\/div>\n\n\n\n<p class=\"has-text-align-center\">Ich bin Eva Graf und lebe mit meiner Familie in der Gemeinde K\u00f6niz. <\/p>\n\n\n\n<div style=\"height:30px\" aria-hidden=\"true\" class=\"wp-block-spacer\"><\/div>\n\n\n\n<p class=\"has-text-align-center\">Nach der obligatorischen Schulzeit wurde ich Kinderg\u00e4rtnerin<br> und habe einige Jahre sp\u00e4ter Heilp\u00e4dagogik studiert. Seit 24 Jahren bin<br> ich in einer Sonderschule t\u00e4tig und habe mich auf H\u00f6rbeeintr\u00e4chtigung <br>spezialisiert. <\/p>\n\n\n\n<div style=\"height:30px\" aria-hidden=\"true\" class=\"wp-block-spacer\"><\/div>\n\n\n\n<p class=\"has-text-align-center\">Zum Nageldesign bin ich eher per Zufall, beziehungsweise <br>durch einen Kontakt mit einer ehemaligen Schulfreundin und der Pandemie <br>2020 gekommen. Aus anf\u00e4nglicher Not hat sich rasch ein Hobby entwickelt,<br> welches ich nun mit grosser Freude und Begeisterung aus\u00fcbe.  Dank <br>lieben Freundinnen konnte ich immer wieder an deren H\u00e4nden \u00fcben.<\/p>\n\n\n\n<div style=\"height:30px\" aria-hidden=\"true\" class=\"wp-block-spacer\"><\/div>\n\n\n<div class=\"wp-block-image\">\n<figure class=\"aligncenter size-large is-resized\"><img loading=\"lazy\" decoding=\"async\" width=\"683\" height=\"1024\" src=\"http:\/\/gyeylobpgp.cyon.link\/wp-content\/uploads\/2024\/08\/MG_3618-683x1024.jpg\" alt=\"\" class=\"wp-image-35\" style=\"width:200px;height:auto\" srcset=\"https:\/\/naileria.ch\/wp-content\/uploads\/2024\/08\/MG_3618-683x1024.jpg 683w, https:\/\/naileria.ch\/wp-content\/uploads\/2024\/08\/MG_3618-200x300.jpg 200w, https:\/\/naileria.ch\/wp-content\/uploads\/2024\/08\/MG_3618-768x1152.jpg 768w, https:\/\/naileria.ch\/wp-content\/uploads\/2024\/08\/MG_3618-1024x1536.jpg 1024w, https:\/\/naileria.ch\/wp-content\/uploads\/2024\/08\/MG_3618-1365x2048.jpg 1365w, https:\/\/naileria.ch\/wp-content\/uploads\/2024\/08\/MG_3618-scaled.jpg 1707w\" sizes=\"auto, (max-width: 683px) 100vw, 683px\" \/><\/figure>\n<\/div>\n\n\n<div style=\"height:50px\" aria-hidden=\"true\" class=\"wp-block-spacer\"><\/div>\n\n\n\n<h2 class=\"wp-block-heading has-text-align-center has-x-large-font-size\">Mein Nagelstudio<\/h2>\n\n\n\n<div style=\"height:30px\" aria-hidden=\"true\" class=\"wp-block-spacer\"><\/div>\n\n\n\n<p class=\"has-text-align-center\">Im Vorfeld konnte ich auf die Beratung einer meiner Kundinnen z\u00e4hlen und die passenden Farben \/ Materialien ausw\u00e4hlen. <\/p>\n\n\n\n<div style=\"height:30px\" aria-hidden=\"true\" class=\"wp-block-spacer\"><\/div>\n\n\n\n<p class=\"has-text-align-center\">W\u00e4hrernd den Fr\u00fchlingsferien 2023 konnte ich dann mit Hilfe meines Mannes und meines Schwagers mein Studio einrichten.<\/p>\n\n\n\n<div style=\"height:30px\" aria-hidden=\"true\" class=\"wp-block-spacer\"><\/div>\n\n\n\n<div class=\"wp-block-group is-content-justification-center is-nowrap is-layout-flex wp-container-core-group-is-layout-94bc23d7 wp-block-group-is-layout-flex\"><div class=\"wp-block-image\">\n<figure class=\"aligncenter size-large is-resized\"><img loading=\"lazy\" decoding=\"async\" width=\"768\" height=\"1024\" src=\"http:\/\/gyeylobpgp.cyon.link\/wp-content\/uploads\/2024\/08\/studio2-768x1024.jpg\" alt=\"\" class=\"wp-image-73\" style=\"width:194px;height:auto\" srcset=\"https:\/\/naileria.ch\/wp-content\/uploads\/2024\/08\/studio2-768x1024.jpg 768w, https:\/\/naileria.ch\/wp-content\/uploads\/2024\/08\/studio2-225x300.jpg 225w, https:\/\/naileria.ch\/wp-content\/uploads\/2024\/08\/studio2-1152x1536.jpg 1152w, https:\/\/naileria.ch\/wp-content\/uploads\/2024\/08\/studio2-1536x2048.jpg 1536w, https:\/\/naileria.ch\/wp-content\/uploads\/2024\/08\/studio2-scaled.jpg 1920w\" sizes=\"auto, (max-width: 768px) 100vw, 768px\" \/><\/figure>\n<\/div>\n\n<div class=\"wp-block-image\">\n<figure class=\"aligncenter size-large is-resized\"><img loading=\"lazy\" decoding=\"async\" width=\"768\" height=\"1024\" src=\"http:\/\/gyeylobpgp.cyon.link\/wp-content\/uploads\/2024\/08\/studio1-768x1024.jpg\" alt=\"\" class=\"wp-image-72\" style=\"width:195px;height:auto\" srcset=\"https:\/\/naileria.ch\/wp-content\/uploads\/2024\/08\/studio1-768x1024.jpg 768w, https:\/\/naileria.ch\/wp-content\/uploads\/2024\/08\/studio1-225x300.jpg 225w, https:\/\/naileria.ch\/wp-content\/uploads\/2024\/08\/studio1-1152x1536.jpg 1152w, https:\/\/naileria.ch\/wp-content\/uploads\/2024\/08\/studio1-1536x2048.jpg 1536w, https:\/\/naileria.ch\/wp-content\/uploads\/2024\/08\/studio1-scaled.jpg 1920w\" sizes=\"auto, (max-width: 768px) 100vw, 768px\" \/><\/figure>\n<\/div><\/div>\n\n\n\n<div style=\"height:50px\" aria-hidden=\"true\" class=\"wp-block-spacer\"><\/div>\n\n\n\n<h2 class=\"wp-block-heading has-text-align-center has-x-large-font-size\">Meine Produkte<\/h2>\n\n\n\n<div style=\"height:30px\" aria-hidden=\"true\" class=\"wp-block-spacer\"><\/div>\n\n\n\n<p class=\"has-text-align-center\">Aktuell verwende ich f\u00fcr den Nagelaufbau ausschliesslich Produkte von Musa. <\/p>\n\n\n\n<p class=\"has-text-align-center\">Farbgele habe ich von Musa und wenige von Nails Factory.<\/p>\n\n\n\n<p class=\"has-text-align-center\">F\u00fcr Ihren Wunsch werden wir bestimmt die richtige Farbe finden.<\/p>\n\n\n\n<div style=\"height:30px\" aria-hidden=\"true\" class=\"wp-block-spacer\"><\/div>\n\n\n<div class=\"wp-block-image\">\n<figure class=\"aligncenter size-large is-resized\"><img loading=\"lazy\" decoding=\"async\" width=\"1024\" height=\"844\" src=\"http:\/\/gyeylobpgp.cyon.link\/wp-content\/uploads\/2024\/08\/produkt2-1024x844.jpg\" alt=\"\" class=\"wp-image-71\" style=\"width:284px;height:auto\" srcset=\"https:\/\/naileria.ch\/wp-content\/uploads\/2024\/08\/produkt2-1024x844.jpg 1024w, https:\/\/naileria.ch\/wp-content\/uploads\/2024\/08\/produkt2-300x247.jpg 300w, https:\/\/naileria.ch\/wp-content\/uploads\/2024\/08\/produkt2-768x633.jpg 768w, https:\/\/naileria.ch\/wp-content\/uploads\/2024\/08\/produkt2-1536x1266.jpg 1536w, https:\/\/naileria.ch\/wp-content\/uploads\/2024\/08\/produkt2-2048x1688.jpg 2048w\" sizes=\"auto, (max-width: 1024px) 100vw, 1024px\" \/><\/figure>\n<\/div>\n\n\n<div style=\"height:50px\" aria-hidden=\"true\" class=\"wp-block-spacer\"><\/div>\n\n\n\n<h2 class=\"wp-block-heading has-text-align-center has-x-large-font-size\">Kurse<\/h2>\n\n\n\n<div class=\"wp-block-media-text is-stacked-on-mobile is-vertically-aligned-center\" style=\"grid-template-columns:32% auto\"><figure class=\"wp-block-media-text__media\"><img loading=\"lazy\" decoding=\"async\" width=\"1024\" height=\"734\" src=\"https:\/\/naileria.ch\/wp-content\/uploads\/2024\/08\/diplom1-1024x734.jpg\" alt=\"\" class=\"wp-image-62 size-full\" srcset=\"https:\/\/naileria.ch\/wp-content\/uploads\/2024\/08\/diplom1-1024x734.jpg 1024w, https:\/\/naileria.ch\/wp-content\/uploads\/2024\/08\/diplom1-300x215.jpg 300w, https:\/\/naileria.ch\/wp-content\/uploads\/2024\/08\/diplom1-768x551.jpg 768w, https:\/\/naileria.ch\/wp-content\/uploads\/2024\/08\/diplom1-1536x1102.jpg 1536w, https:\/\/naileria.ch\/wp-content\/uploads\/2024\/08\/diplom1-2048x1469.jpg 2048w\" sizes=\"auto, (max-width: 1024px) 100vw, 1024px\" \/><\/figure><div class=\"wp-block-media-text__content\">\n<div class=\"wp-block-group is-vertical is-layout-flex wp-container-core-group-is-layout-8cf370e7 wp-block-group-is-layout-flex\">\n<p class=\"has-text-align-left\"><strong>Grundausbildung Gel Nail<\/strong><\/p>\n\n\n\n<p class=\"has-text-align-left\">Meinen Grundkurs Gel Nail habe ich im Juni 2022 bei <a href=\"https:\/\/www.ntf.ch\" target=\"_blank\" rel=\"noreferrer noopener\">Nail-Tip Factory AG<\/a> (damals in Zofingen) abgeschlossen. <\/p>\n\n\n\n<p class=\"has-text-align-left\">W\u00e4hrend zwei Kurstagen in Einzelschulung lernte ich die ersten Grundlagen kennen und \u00fcbte mich in Nagelvorbereitung \/ Aufbau \/ Modellage \/ Auff\u00fcllen etc.<\/p>\n<\/div>\n<\/div><\/div>\n\n\n\n<div class=\"wp-block-media-text is-stacked-on-mobile\" style=\"grid-template-columns:32% auto\"><figure class=\"wp-block-media-text__media\"><img loading=\"lazy\" decoding=\"async\" width=\"722\" height=\"1024\" src=\"https:\/\/naileria.ch\/wp-content\/uploads\/2024\/08\/diplom3-722x1024.jpg\" alt=\"\" class=\"wp-image-64 size-full\" srcset=\"https:\/\/naileria.ch\/wp-content\/uploads\/2024\/08\/diplom3-722x1024.jpg 722w, https:\/\/naileria.ch\/wp-content\/uploads\/2024\/08\/diplom3-211x300.jpg 211w, https:\/\/naileria.ch\/wp-content\/uploads\/2024\/08\/diplom3-768x1090.jpg 768w, https:\/\/naileria.ch\/wp-content\/uploads\/2024\/08\/diplom3-1083x1536.jpg 1083w, https:\/\/naileria.ch\/wp-content\/uploads\/2024\/08\/diplom3-1443x2048.jpg 1443w, https:\/\/naileria.ch\/wp-content\/uploads\/2024\/08\/diplom3-scaled.jpg 1804w\" sizes=\"auto, (max-width: 722px) 100vw, 722px\" \/><\/figure><div class=\"wp-block-media-text__content\">\n<div class=\"wp-block-group is-vertical is-layout-flex wp-container-core-group-is-layout-8cf370e7 wp-block-group-is-layout-flex\">\n<p><strong>Babyboomer<\/strong><\/p>\n\n\n\n<p class=\"has-text-align-left\">Als ich mir meine N\u00e4gel jeweils in Bern machen liess, habe ich mich meistens f\u00fcr Babyboomer entschieden. <\/p>\n\n\n\n<p>Mir gef\u00e4llt diese Art sehr, weshalb ich im Juli 2022 einen halbt\u00e4gigen Kurs bei <a href=\"https:\/\/clairebeauty.ch\" target=\"_blank\" rel=\"noreferrer noopener\">Claire beauty<\/a> in Bettlach besucht habe.<\/p>\n<\/div>\n<\/div><\/div>\n\n\n\n<div class=\"wp-block-media-text is-stacked-on-mobile\" style=\"grid-template-columns:32% auto\"><figure class=\"wp-block-media-text__media\"><img loading=\"lazy\" decoding=\"async\" width=\"710\" height=\"1024\" src=\"https:\/\/naileria.ch\/wp-content\/uploads\/2024\/08\/diplom2-710x1024.jpg\" alt=\"\" class=\"wp-image-63 size-full\" srcset=\"https:\/\/naileria.ch\/wp-content\/uploads\/2024\/08\/diplom2-710x1024.jpg 710w, https:\/\/naileria.ch\/wp-content\/uploads\/2024\/08\/diplom2-208x300.jpg 208w, https:\/\/naileria.ch\/wp-content\/uploads\/2024\/08\/diplom2-768x1108.jpg 768w, https:\/\/naileria.ch\/wp-content\/uploads\/2024\/08\/diplom2-1065x1536.jpg 1065w, https:\/\/naileria.ch\/wp-content\/uploads\/2024\/08\/diplom2-1420x2048.jpg 1420w, https:\/\/naileria.ch\/wp-content\/uploads\/2024\/08\/diplom2-scaled.jpg 1775w\" sizes=\"auto, (max-width: 710px) 100vw, 710px\" \/><\/figure><div class=\"wp-block-media-text__content\">\n<div class=\"wp-block-group is-vertical is-layout-flex wp-container-core-group-is-layout-8cf370e7 wp-block-group-is-layout-flex\">\n<p><strong>Basic Nailart<\/strong><\/p>\n\n\n\n<p>Ebenso fasziniert mich die vielseitige Palette der Nailart. Einen ersten Basiskurs dazu besuchte ich im Juli 2022 bei <a href=\"https:\/\/clairebeauty.ch\" target=\"_blank\" rel=\"noreferrer noopener\">Claire beauty<\/a> in Bettlach.<\/p>\n<\/div>\n<\/div><\/div>\n\n\n\n<div class=\"wp-block-media-text is-stacked-on-mobile\" style=\"grid-template-columns:32% auto\"><figure class=\"wp-block-media-text__media\"><img loading=\"lazy\" decoding=\"async\" width=\"703\" height=\"1024\" src=\"https:\/\/naileria.ch\/wp-content\/uploads\/2024\/08\/diplom4-703x1024.jpg\" alt=\"\" class=\"wp-image-65 size-full\" srcset=\"https:\/\/naileria.ch\/wp-content\/uploads\/2024\/08\/diplom4-703x1024.jpg 703w, https:\/\/naileria.ch\/wp-content\/uploads\/2024\/08\/diplom4-206x300.jpg 206w, https:\/\/naileria.ch\/wp-content\/uploads\/2024\/08\/diplom4-768x1119.jpg 768w, https:\/\/naileria.ch\/wp-content\/uploads\/2024\/08\/diplom4-1054x1536.jpg 1054w, https:\/\/naileria.ch\/wp-content\/uploads\/2024\/08\/diplom4-1406x2048.jpg 1406w, https:\/\/naileria.ch\/wp-content\/uploads\/2024\/08\/diplom4-scaled.jpg 1757w\" sizes=\"auto, (max-width: 703px) 100vw, 703px\" \/><\/figure><div class=\"wp-block-media-text__content\">\n<div class=\"wp-block-group is-vertical is-layout-flex wp-container-core-group-is-layout-8cf370e7 wp-block-group-is-layout-flex\">\n<p><strong>Nail Expert Level<\/strong><\/p>\n\n\n\n<p>Ich bin auf die Ausschreibung eines Nailcamps gestossen, welches von <a href=\"https:\/\/musanails.ch\" target=\"_blank\" rel=\"noreferrer noopener\">Musanail<\/a> im Oktober 2022 durchgef\u00fchrt wurde. Ohne viel Erfahrung besuchte ich dieses intensive Camp, welches im Wallis stattgefunden hat. W\u00e4hrend einer Woche lernte ich enorm viel \u00fcber Manik\u00fcre \/ Russische Manik\u00fcre \/ So easy Technik \/ One Stroke \/ Nailart. Die Woche war f\u00fcr mich sehr herausfordern und ich konnte enorm viel profitieren &#8211; und liebe Kontakte kn\u00fcpfen.<\/p>\n<\/div>\n<\/div><\/div>\n\n\n\n<div class=\"wp-block-media-text is-stacked-on-mobile\" style=\"grid-template-columns:32% auto\"><figure class=\"wp-block-media-text__media\"><img loading=\"lazy\" decoding=\"async\" width=\"1024\" height=\"731\" src=\"https:\/\/naileria.ch\/wp-content\/uploads\/2024\/08\/diplom5-1024x731.jpg\" alt=\"\" class=\"wp-image-66 size-full\" srcset=\"https:\/\/naileria.ch\/wp-content\/uploads\/2024\/08\/diplom5-1024x731.jpg 1024w, https:\/\/naileria.ch\/wp-content\/uploads\/2024\/08\/diplom5-300x214.jpg 300w, https:\/\/naileria.ch\/wp-content\/uploads\/2024\/08\/diplom5-768x548.jpg 768w, https:\/\/naileria.ch\/wp-content\/uploads\/2024\/08\/diplom5-1536x1097.jpg 1536w, https:\/\/naileria.ch\/wp-content\/uploads\/2024\/08\/diplom5-2048x1462.jpg 2048w\" sizes=\"auto, (max-width: 1024px) 100vw, 1024px\" \/><\/figure><div class=\"wp-block-media-text__content\">\n<div class=\"wp-block-group is-vertical is-layout-flex wp-container-core-group-is-layout-8cf370e7 wp-block-group-is-layout-flex\">\n<p><strong>Perfektionstraining Studioalltag<\/strong><\/p>\n\n\n\n<p>Ende Februar 2023 habe ich einen Tag bei <a href=\"https:\/\/rosaengel.ch\" target=\"_blank\" rel=\"noreferrer noopener\">Rosaengel<\/a> verbracht. An diesem Tag hatte ich die Gelegenheit, Maink\u00fcre, Neuset und Auff\u00fcllen in einem Einzelkurz zu \u00fcben.<\/p>\n<\/div>\n<\/div><\/div>\n\n\n\n<div class=\"wp-block-media-text is-stacked-on-mobile\" style=\"grid-template-columns:32% auto\"><figure class=\"wp-block-media-text__media\"><img loading=\"lazy\" decoding=\"async\" width=\"717\" height=\"1024\" src=\"https:\/\/naileria.ch\/wp-content\/uploads\/2024\/08\/diplom6-717x1024.jpg\" alt=\"\" class=\"wp-image-68 size-full\" srcset=\"https:\/\/naileria.ch\/wp-content\/uploads\/2024\/08\/diplom6-717x1024.jpg 717w, https:\/\/naileria.ch\/wp-content\/uploads\/2024\/08\/diplom6-210x300.jpg 210w, https:\/\/naileria.ch\/wp-content\/uploads\/2024\/08\/diplom6-768x1097.jpg 768w, https:\/\/naileria.ch\/wp-content\/uploads\/2024\/08\/diplom6-1076x1536.jpg 1076w, https:\/\/naileria.ch\/wp-content\/uploads\/2024\/08\/diplom6-1434x2048.jpg 1434w, https:\/\/naileria.ch\/wp-content\/uploads\/2024\/08\/diplom6-scaled.jpg 1793w\" sizes=\"auto, (max-width: 717px) 100vw, 717px\" \/><\/figure><div class=\"wp-block-media-text__content\">\n<div class=\"wp-block-group is-vertical is-layout-flex wp-container-core-group-is-layout-8cf370e7 wp-block-group-is-layout-flex\">\n<p><strong>Kombi Hardware Manik\u00fcre<\/strong><\/p>\n\n\n\n<p>F\u00fcr den Studioalltag ist die Manik\u00fcre und Nagelvorbereitung das a und o. Sie muss sauber und perfekt gemacht sein, sonst gibt es sog. Liftings und die Modellage h\u00e4lt nicht. Um in diesem Bereich noch mehr Sicherheit und Wissen zu bekommen, besuchte ich im M\u00e4rz 2023 den zweit\u00e4gigen Kurs bei <a href=\"https:\/\/musanails.ch\" target=\"_blank\" rel=\"noreferrer noopener\">Musanail<\/a>. W\u00e4hrend diesem Kurs lernte ich verschiedene Arten der Manik\u00fcre kennen, die ich nun im Alltag anwende.<\/p>\n<\/div>\n<\/div><\/div>\n\n\n\n<div class=\"wp-block-media-text is-stacked-on-mobile\" style=\"grid-template-columns:32% auto\"><figure class=\"wp-block-media-text__media\"><img loading=\"lazy\" decoding=\"async\" width=\"766\" height=\"1024\" src=\"https:\/\/naileria.ch\/wp-content\/uploads\/2024\/08\/diplom7-766x1024.jpg\" alt=\"\" class=\"wp-image-69 size-full\" srcset=\"https:\/\/naileria.ch\/wp-content\/uploads\/2024\/08\/diplom7-766x1024.jpg 766w, https:\/\/naileria.ch\/wp-content\/uploads\/2024\/08\/diplom7-225x300.jpg 225w, https:\/\/naileria.ch\/wp-content\/uploads\/2024\/08\/diplom7-768x1026.jpg 768w, https:\/\/naileria.ch\/wp-content\/uploads\/2024\/08\/diplom7-1150x1536.jpg 1150w, https:\/\/naileria.ch\/wp-content\/uploads\/2024\/08\/diplom7-1533x2048.jpg 1533w, https:\/\/naileria.ch\/wp-content\/uploads\/2024\/08\/diplom7.jpg 1643w\" sizes=\"auto, (max-width: 766px) 100vw, 766px\" \/><\/figure><div class=\"wp-block-media-text__content\">\n<div class=\"wp-block-group is-vertical is-layout-flex wp-container-core-group-is-layout-8cf370e7 wp-block-group-is-layout-flex\">\n<p><strong>Nail Expert Level<\/strong><\/p>\n\n\n\n<p>Rund ums Thema Nails stellten sich bei mir viele Fragen, die ich in einer Beratungsstunde bei Neli kl\u00e4ren konnte. Es hat mir jedoch gezeigt, dass mir bei einigem die richtige Theorie \/ Methode fehlt. So absolvierte ich im Juni 2023 nochmals einen 4-t\u00e4gigen Kurs bei <a href=\"https:\/\/musanails.ch\" target=\"_blank\" rel=\"noreferrer noopener\">Musanail<\/a>an, um mein Handwerk zu verbessern und perfektionieren. Es waren vier intensive und lehrreiche Tage.<\/p>\n<\/div>\n<\/div><\/div>\n\n\n\n<div class=\"wp-block-media-text is-stacked-on-mobile\" style=\"grid-template-columns:32% auto\"><figure class=\"wp-block-media-text__media\"><img loading=\"lazy\" decoding=\"async\" width=\"1024\" height=\"743\" src=\"https:\/\/naileria.ch\/wp-content\/uploads\/2024\/11\/privatkurs-1024x743.jpg\" alt=\"\" class=\"wp-image-170 size-full\" srcset=\"https:\/\/naileria.ch\/wp-content\/uploads\/2024\/11\/privatkurs-1024x743.jpg 1024w, https:\/\/naileria.ch\/wp-content\/uploads\/2024\/11\/privatkurs-300x218.jpg 300w, https:\/\/naileria.ch\/wp-content\/uploads\/2024\/11\/privatkurs-768x558.jpg 768w, https:\/\/naileria.ch\/wp-content\/uploads\/2024\/11\/privatkurs-1536x1115.jpg 1536w, https:\/\/naileria.ch\/wp-content\/uploads\/2024\/11\/privatkurs-2048x1487.jpg 2048w\" sizes=\"auto, (max-width: 1024px) 100vw, 1024px\" \/><\/figure><div class=\"wp-block-media-text__content\">\n<div class=\"wp-block-group is-vertical is-layout-flex wp-container-core-group-is-layout-8cf370e7 wp-block-group-is-layout-flex\">\n<p><strong>Privatkurs <\/strong><\/p>\n\n\n\n<p>Im M\u00e4rz 2024 habe ich mich bei einem zweit\u00e4tigen Refresherkurs nochmals in Manik\u00fcre, Salonalltag und vor allem in der Soeasy-Technik ge\u00fcbt. Dies bei RODY NAILS ACADEMY. Wiederum durfte ich viel lernen und einige Aha-Momente erleben.<\/p>\n<\/div>\n<\/div><\/div>\n\n\n\n<p><\/p>\n","protected":false},"excerpt":{"rendered":"<p>\u00dcber mich Ich bin Eva Graf und lebe mit meiner [&hellip;]<\/p>\n","protected":false},"author":1,"featured_media":0,"parent":0,"menu_order":0,"comment_status":"closed","ping_status":"closed","template":"","meta":{"footnotes":""},"class_list":["post-11","page","type-page","status-publish","hentry"],"_links":{"self":[{"href":"https:\/\/naileria.ch\/index.php?rest_route=\/wp\/v2\/pages\/11","targetHints":{"allow":["GET"]}}],"collection":[{"href":"https:\/\/naileria.ch\/index.php?rest_route=\/wp\/v2\/pages"}],"about":[{"href":"https:\/\/naileria.ch\/index.php?rest_route=\/wp\/v2\/types\/page"}],"author":[{"embeddable":true,"href":"https:\/\/naileria.ch\/index.php?rest_route=\/wp\/v2\/users\/1"}],"replies":[{"embeddable":true,"href":"https:\/\/naileria.ch\/index.php?rest_route=%2Fwp%2Fv2%2Fcomments&post=11"}],"version-history":[{"count":41,"href":"https:\/\/naileria.ch\/index.php?rest_route=\/wp\/v2\/pages\/11\/revisions"}],"predecessor-version":[{"id":180,"href":"https:\/\/naileria.ch\/index.php?rest_route=\/wp\/v2\/pages\/11\/revisions\/180"}],"wp:attachment":[{"href":"https:\/\/naileria.ch\/index.php?rest_route=%2Fwp%2Fv2%2Fmedia&parent=11"}],"curies":[{"name":"wp","href":"https:\/\/api.w.org\/{rel}","templated":true}]}}